{"id":609,"date":"2022-07-06T10:46:40","date_gmt":"2022-07-06T15:46:40","guid":{"rendered":"https:\/\/dvidaco.com\/?page_id=609"},"modified":"2024-06-23T21:07:06","modified_gmt":"2024-06-24T02:07:06","slug":"terminos-y-condiciones","status":"publish","type":"page","link":"https:\/\/dvidaco.com\/es\/terminos-y-condiciones\/","title":{"rendered":"T\u00e9rminos y Condiciones"},"content":{"rendered":"<div data-elementor-type=\"wp-page\" data-elementor-id=\"609\" class=\"elementor elementor-609\" data-elementor-post-type=\"page\">\n\t\t\t\t\t\t<section class=\"elementor-section elementor-top-section elementor-element elementor-element-cf10aee elementor-section-boxed elementor-section-height-default elementor-section-height-default\" data-id=\"cf10aee\" data-element_type=\"section\" data-e-type=\"section\">\n\t\t\t\t\t\t<div class=\"elementor-container elementor-column-gap-default\">\n\t\t\t\t\t<div class=\"elementor-column elementor-col-100 elementor-top-column elementor-element elementor-element-d637873\" data-id=\"d637873\" data-element_type=\"column\" data-e-type=\"column\">\n\t\t\t<div class=\"elementor-widget-wrap elementor-element-populated\">\n\t\t\t\t\t\t<div class=\"elementor-element elementor-element-4be16d9 elementor-widget elementor-widget-spacer\" data-id=\"4be16d9\" data-element_type=\"widget\" data-e-type=\"widget\" data-widget_type=\"spacer.default\">\n\t\t\t\t<div class=\"elementor-widget-container\">\n\t\t\t\t\t\t\t<div class=\"elementor-spacer\">\n\t\t\t<div class=\"elementor-spacer-inner\"><\/div>\n\t\t<\/div>\n\t\t\t\t\t\t<\/div>\n\t\t\t\t<\/div>\n\t\t\t\t<div class=\"elementor-element elementor-element-02adebb elementor-widget elementor-widget-text-editor\" data-id=\"02adebb\" data-element_type=\"widget\" data-e-type=\"widget\" data-widget_type=\"text-editor.default\">\n\t\t\t\t<div class=\"elementor-widget-container\">\n\t\t\t\t\t\t\t\t\t<h2><strong>T\u00e9rminos y condiciones de uso<\/strong><\/h2><p><strong>INFORMACION RELEVANTE<\/strong><\/p><p>Es requisito necesario para la adquisici\u00f3n de los productos ofrecidos en este sitio, que lea y acepte los siguientes T\u00e9rminos y Condiciones que a continuaci\u00f3n se redactan. El uso de nuestros servicios as\u00ed como la compra de nuestros productos implicar\u00e1 que ha le\u00eddo y aceptado los T\u00e9rminos y Condiciones de Uso contenidos en este documento. Todos los productos que se ofrecen en nuestro sitio web podr\u00edan ser creados, cobrados, enviados o presentados por un sitio web de terceros y en tal caso estar\u00edan sujetos a sus propios T\u00e9rminos y Condiciones. En algunos casos, para adquirir un producto ser\u00e1 necesario el registro por parte del usuario, con el ingreso de datos personales fehacientes y la definici\u00f3n de una contrase\u00f1a.<\/p><p>El usuario podr\u00e1 elegir y cambiar la contrase\u00f1a de acceso a la administraci\u00f3n de su cuenta en cualquier momento, en caso de que se haya registrado y sea necesaria para la compra de alguno de nuestros productos. dvidaco.com no asume responsabilidad en el caso de que ceda dicha clave a terceros.<\/p><p>Todas las compras y transacciones realizadas a trav\u00e9s de este sitio web est\u00e1n sujetas a un proceso de confirmaci\u00f3n y verificaci\u00f3n, que podr\u00eda incluir verificaci\u00f3n de stock y disponibilidad del producto, validaci\u00f3n del m\u00e9todo de pago, validaci\u00f3n de la factura (si la hubiera) y cumplimiento de las condiciones exigidas por el Medios de pago seleccionados. En algunos casos, es posible que se requiera verificaci\u00f3n por correo electr\u00f3nico.<\/p><p>Los precios de los productos ofrecidos en esta Tienda Online son v\u00e1lidos \u00fanicamente para compras realizadas en este sitio web.<\/p><p><strong>LICENCIA<\/strong><\/p><p>dVida a trav\u00e9s de su sitio web otorga una licencia para que los usuarios utilicen los productos que se venden en este sitio web de acuerdo con los T\u00e9rminos y Condiciones descritos en este documento.<\/p><p><strong>USO NO AUTORIZADO<\/strong><\/p><p>Cuando corresponda (para la venta de software, plantillas u otros productos de dise\u00f1o y programaci\u00f3n), no puede colocar uno de nuestros productos, modificado o sin modificar, en un CD, sitio web o cualquier otro medio y ofrecerlos para su redistribuci\u00f3n. o reventa de cualquier tipo.<\/p><p><strong>PROPIEDAD<\/strong><\/p><p>No puede reclamar propiedad intelectual o exclusiva sobre ninguno de nuestros productos, modificados o no modificados. Todos los productos son propiedad de los proveedores de contenido. A menos que se especifique lo contrario, nuestros productos se proporcionan sin garant\u00eda de ning\u00fan tipo, expresa o impl\u00edcita. En ning\u00fan caso esta empresa ser\u00e1 responsable de ning\u00fan da\u00f1o, incluidos, entre otros, da\u00f1os directos, indirectos, especiales, incidentales o consecuentes u otras p\u00e9rdidas resultantes del uso o la imposibilidad de utilizar nuestros productos.<\/p><p><strong>POL\u00cdTICA DE REEMBOLSO Y GARANT\u00cdA<\/strong><\/p><p>En el caso de productos que sean bienes irrevocables no tangibles, no realizamos reembolsos una vez enviado el producto, es su responsabilidad comprenderlo antes de comprarlo. Le pedimos que lea atentamente antes de comprar. S\u00f3lo hacemos excepciones a esta regla cuando la descripci\u00f3n no coincide con el producto. Hay algunos productos que pueden tener garant\u00eda y posibilidad de reembolso, pero esto se especificar\u00e1 en el momento de la compra del producto. En tales casos, la garant\u00eda s\u00f3lo cubrir\u00e1 fallos de f\u00e1brica y s\u00f3lo ser\u00e1 efectiva cuando el producto haya sido utilizado correctamente. La garant\u00eda no cubre aver\u00edas o da\u00f1os causados por un uso inadecuado. Los t\u00e9rminos de la garant\u00eda est\u00e1n asociados a fallas de fabricaci\u00f3n y funcionamiento en condiciones normales de los productos y estos t\u00e9rminos s\u00f3lo ser\u00e1n efectivos si el equipo ha sido utilizado correctamente. Esto incluye:<\/p><p>\u2013 Seg\u00fan las especificaciones t\u00e9cnicas indicadas para cada producto.<br \/>\u2013 En condiciones ambientales de acuerdo con las especificaciones indicadas por el fabricante.<br \/>\u2013 De uso espec\u00edfico para la funci\u00f3n con la que fue dise\u00f1ado en f\u00e1brica.<br \/>\u2013 En condiciones de funcionamiento el\u00e9ctrico de acuerdo con las especificaciones y tolerancias indicadas.<\/p><p><strong>CONTROL ANTIFRAUDE<\/strong><\/p><p>La compra del cliente podr\u00e1 ser aplazada para control antifraude. Tambi\u00e9n se puede suspender por m\u00e1s tiempo para realizar una investigaci\u00f3n m\u00e1s rigurosa y evitar transacciones fraudulentas.<\/p><p><strong>PRIVACIDAD<\/strong><\/p><p>dvidaco.com garantiza que los datos personales que env\u00edas cuentan con la seguridad necesaria. Los datos ingresados por el usuario o en el caso de requerir una validaci\u00f3n de los pedidos no ser\u00e1n entregados a terceros, salvo que deban ser divulgados en cumplimiento de una orden judicial o requerimientos legales.<\/p><p>La suscripci\u00f3n a boletines publicitarios por correo electr\u00f3nico es voluntaria y puede seleccionarse al crear su cuenta.<\/p><p>dVida se reserva el derecho de cambiar o modificar estos t\u00e9rminos sin previo aviso.<\/p>\t\t\t\t\t\t\t\t<\/div>\n\t\t\t\t<\/div>\n\t\t\t\t<div class=\"elementor-element elementor-element-7a92d8a elementor-widget elementor-widget-spacer\" data-id=\"7a92d8a\" data-element_type=\"widget\" data-e-type=\"widget\" data-widget_type=\"spacer.default\">\n\t\t\t\t<div class=\"elementor-widget-container\">\n\t\t\t\t\t\t\t<div class=\"elementor-spacer\">\n\t\t\t<div class=\"elementor-spacer-inner\"><\/div>\n\t\t<\/div>\n\t\t\t\t\t\t<\/div>\n\t\t\t\t<\/div>\n\t\t\t\t\t<\/div>\n\t\t<\/div>\n\t\t\t\t\t<\/div>\n\t\t<\/section>\n\t\t\t\t<\/div>","protected":false},"excerpt":{"rendered":"<p>Terms and conditions of use RELEVANT INFORMATION It is a necessary requirement for the acquisition of the products offered on this site, that you read and accept the following Terms and Conditions that are written below. The use of our services as well as the purchase of our products will imply that you have read [&hellip;]<\/p>\n","protected":false},"author":1,"featured_media":0,"parent":0,"menu_order":0,"comment_status":"closed","ping_status":"closed","template":"","meta":{"_coblocks_attr":"","_coblocks_dimensions":"","_coblocks_responsive_height":"","_coblocks_accordion_ie_support":"","footnotes":""},"class_list":["post-609","page","type-page","status-publish","hentry"],"_links":{"self":[{"href":"https:\/\/dvidaco.com\/es\/wp-json\/wp\/v2\/pages\/609","targetHints":{"allow":["GET"]}}],"collection":[{"href":"https:\/\/dvidaco.com\/es\/wp-json\/wp\/v2\/pages"}],"about":[{"href":"https:\/\/dvidaco.com\/es\/wp-json\/wp\/v2\/types\/page"}],"author":[{"embeddable":true,"href":"https:\/\/dvidaco.com\/es\/wp-json\/wp\/v2\/users\/1"}],"replies":[{"embeddable":true,"href":"https:\/\/dvidaco.com\/es\/wp-json\/wp\/v2\/comments?post=609"}],"version-history":[{"count":7,"href":"https:\/\/dvidaco.com\/es\/wp-json\/wp\/v2\/pages\/609\/revisions"}],"predecessor-version":[{"id":1172,"href":"https:\/\/dvidaco.com\/es\/wp-json\/wp\/v2\/pages\/609\/revisions\/1172"}],"wp:attachment":[{"href":"https:\/\/dvidaco.com\/es\/wp-json\/wp\/v2\/media?parent=609"}],"curies":[{"name":"gracias","href":"https:\/\/api.w.org\/{rel}","templated":true}]}}